{"id":3,"date":"2024-02-19T10:52:16","date_gmt":"2024-02-19T09:52:16","guid":{"rendered":"http:\/\/odamatoradoinwestora.pl\/?page_id=3"},"modified":"2024-12-30T12:05:02","modified_gmt":"2024-12-30T11:05:02","slug":"polityka-prywatnosci","status":"publish","type":"page","link":"https:\/\/odamatoradoinwestora.pl\/?page_id=3","title":{"rendered":"Polityka prywatno\u015bci"},"content":{"rendered":"\t\t<div data-elementor-type=\"wp-page\" data-elementor-id=\"3\" class=\"elementor elementor-3\">\n\t\t\t\t<div class=\"elementor-element elementor-element-9031c35 e-flex e-con-boxed e-con e-parent\" data-id=\"9031c35\" data-element_type=\"container\">\n\t\t\t\t\t<div class=\"e-con-inner\">\n\t\t\t\t<div class=\"elementor-element elementor-element-77a23fb elementor-widget elementor-widget-text-editor\" data-id=\"77a23fb\" data-element_type=\"widget\" data-widget_type=\"text-editor.default\">\n\t\t\t\t<div class=\"elementor-widget-container\">\n\t\t\t\t\t\t\t\t\t<p>Niniejsza Polityka Prywatno\u015bci okre\u015bla zasady gromadzenia, przetwarzania i ochrony danych osobowych Klient\u00f3w sklepu internetowego odamatoradoinwestora.pl<\/p>\n<p>oferuj\u0105cego kursy, szkolenia i ebooki.<\/p>\n<p>1. Administrator Danych Osobowych<\/p>\n<p>1.1. Administratorem danych osobowych Klient\u00f3w jest Seedo sp.z.o.o. z siedzib\u0105 w Warszawa 02-793 ul.Henryka Raabego 6 lok 4, NIP: 9512582719, REGON: 526981976.<\/p>\n<p>1.2. W sprawach zwi\u0105zanych z przetwarzaniem danych osobowych mo\u017cna kontaktowa\u0107 si\u0119 z Administratorem drog\u0105 elektroniczn\u0105 na adres e-mail: kursodamatoradoinwestora@gmail.com.<\/p>\n<p>2. Cele i Podstawa Prawna Przetwarzania Danych Osobowych<\/p>\n<p>2.1. Dane osobowe Klient\u00f3w s\u0105 przetwarzane w celu:<\/p>\n<p>a) realizacji zam\u00f3wie\u0144,<\/p>\n<p>b) dostarczania informacji o produktach i us\u0142ugach,<\/p>\n<p>c) obs\u0142ugi zapyta\u0144 i reklamacji,<\/p>\n<p>d) przesy\u0142ania informacji marketingowych (je\u017celi Klient wyrazi\u0142 na to zgod\u0119).<\/p>\n<p>2.2. Podstaw\u0105 prawn\u0105 przetwarzania danych osobowych jest:<\/p>\n<p>a) niezb\u0119dno\u015b\u0107 do wykonania umowy (zam\u00f3wienia),<\/p>\n<p>b) zgoda Klienta na przetwarzanie danych w celach marketingowych.<\/p>\n<p>3. Rodzaje Przetwarzanych Danych Osobowych<\/p>\n<p>3.1. W ramach \u015bwiadczenia us\u0142ug sklepu, przetwarzane s\u0105 nast\u0119puj\u0105ce dane osobowe:<\/p>\n<p>a) imi\u0119 i nazwisko,<\/p>\n<p>b) adres e-mail,<\/p>\n<p>c) numer telefonu,<\/p>\n<p>d) adres dostawy.<\/p>\n<p>4. Okres Przechowywania Danych Osobowych<\/p>\n<p>4.1. Dane osobowe s\u0105 przechowywane przez okres niezb\u0119dny do realizacji cel\u00f3w, dla kt\u00f3rych zosta\u0142y zebrane, z uwzgl\u0119dnieniem obowi\u0105zuj\u0105cych przepis\u00f3w prawa.<\/p>\n<p>4.2. W przypadku przetwarzania danych na podstawie zgody, dane przechowywane s\u0105 do momentu jej wycofania.<\/p>\n<p>5. Bezpiecze\u0144stwo Danych Osobowych<\/p>\n<p>5.1. Administrator dok\u0142ada wszelkich stara\u0144, aby chroni\u0107 dane osobowe Klient\u00f3w przed nieuprawnionym dost\u0119pem, utrat\u0105, uszkodzeniem lub ujawnieniem.<\/p>\n<p>5.2. Dost\u0119p do danych osobowych maj\u0105 jedynie osoby upowa\u017cnione do ich przetwarzania w ramach \u015bwiadczenia us\u0142ug sklepu.<\/p>\n<p>6. Prawa Klienta w Zakresie Danych Osobowych<\/p>\n<p>6.1. Klient ma prawo do:<\/p>\n<p>a) dost\u0119pu do swoich danych osobowych,<\/p>\n<p>b) poprawiania swoich danych osobowych,<\/p>\n<p>c) usuni\u0119cia swoich danych osobowych,<\/p>\n<p>d) ograniczenia przetwarzania,<\/p>\n<p>e) przenoszenia danych,<\/p>\n<p>f) wniesienia sprzeciwu wobec przetwarzania danych w okre\u015blonych celach.<\/p>\n<p>7. Cookies<\/p>\n<p>7.1. Sklep mo\u017ce korzysta\u0107 z plik\u00f3w cookies w celu poprawy jako\u015bci \u015bwiadczonych us\u0142ug. Klient mo\u017ce zarz\u0105dza\u0107 ustawieniami cookies za pomoc\u0105 ustawie\u0144 przegl\u0105darki internetowej.<\/p>\n<p>8. Zmiany w Polityce Prywatno\u015bci<\/p>\n<p>8.1. Niniejsza Polityka Prywatno\u015bci mo\u017ce by\u0107 aktualizowana. Wszelkie zmiany wchodz\u0105 w \u017cycie po opublikowaniu ich na stronie sklepu.<\/p>\t\t\t\t\t\t\t\t<\/div>\n\t\t\t\t<\/div>\n\t\t\t\t\t<\/div>\n\t\t\t\t<\/div>\n\t\t\t\t<\/div>\n\t\t","protected":false},"excerpt":{"rendered":"<p>Niniejsza Polityka Prywatno\u015bci okre\u015bla zasady gromadzenia, przetwarzania i ochrony danych osobowych Klient\u00f3w sklepu internetowego odamatoradoinwestora.pl oferuj\u0105cego kursy, szkolenia i ebooki. 1. Administrator Danych Osobowych 1.1. Administratorem danych osobowych Klient\u00f3w jest Seedo sp.z.o.o. z siedzib\u0105 w Warszawa 02-793 ul.Henryka Raabego 6 lok 4, NIP: 9512582719, REGON: 526981976. 1.2. W sprawach zwi\u0105zanych z przetwarzaniem danych osobowych mo\u017cna [&hellip;]<\/p>\n","protected":false},"author":1,"featured_media":0,"parent":0,"menu_order":0,"comment_status":"closed","ping_status":"open","template":"","meta":{"footnotes":""},"class_list":["post-3","page","type-page","status-publish","hentry"],"_links":{"self":[{"href":"https:\/\/odamatoradoinwestora.pl\/index.php?rest_route=\/wp\/v2\/pages\/3","targetHints":{"allow":["GET"]}}],"collection":[{"href":"https:\/\/odamatoradoinwestora.pl\/index.php?rest_route=\/wp\/v2\/pages"}],"about":[{"href":"https:\/\/odamatoradoinwestora.pl\/index.php?rest_route=\/wp\/v2\/types\/page"}],"author":[{"embeddable":true,"href":"https:\/\/odamatoradoinwestora.pl\/index.php?rest_route=\/wp\/v2\/users\/1"}],"replies":[{"embeddable":true,"href":"https:\/\/odamatoradoinwestora.pl\/index.php?rest_route=%2Fwp%2Fv2%2Fcomments&post=3"}],"version-history":[{"count":6,"href":"https:\/\/odamatoradoinwestora.pl\/index.php?rest_route=\/wp\/v2\/pages\/3\/revisions"}],"predecessor-version":[{"id":119,"href":"https:\/\/odamatoradoinwestora.pl\/index.php?rest_route=\/wp\/v2\/pages\/3\/revisions\/119"}],"wp:attachment":[{"href":"https:\/\/odamatoradoinwestora.pl\/index.php?rest_route=%2Fwp%2Fv2%2Fmedia&parent=3"}],"curies":[{"name":"wp","href":"https:\/\/api.w.org\/{rel}","templated":true}]}}