{"id":141,"date":"2026-04-17T11:11:01","date_gmt":"2026-04-17T09:11:01","guid":{"rendered":"https:\/\/odamatoradoinwestora.pl\/?page_id=141"},"modified":"2026-04-17T11:24:49","modified_gmt":"2026-04-17T09:24:49","slug":"zapis-na-newsletter-analizy-vip","status":"publish","type":"page","link":"https:\/\/odamatoradoinwestora.pl\/?page_id=141","title":{"rendered":"Zapis na newsletter analizy VIP"},"content":{"rendered":"\t\t<div data-elementor-type=\"wp-page\" data-elementor-id=\"141\" class=\"elementor elementor-141\">\n\t\t\t\t<div class=\"elementor-element elementor-element-ffeaabe e-flex e-con-boxed e-con e-parent\" data-id=\"ffeaabe\" data-element_type=\"container\">\n\t\t\t\t\t<div class=\"e-con-inner\">\n\t\t\t\t<div class=\"elementor-element elementor-element-b4e47cb elementor-widget elementor-widget-heading\" data-id=\"b4e47cb\" data-element_type=\"widget\" data-widget_type=\"heading.default\">\n\t\t\t\t<div class=\"elementor-widget-container\">\n\t\t\t\t\t<h2 class=\"elementor-heading-title elementor-size-default\"><a href=\"http:\/\/grupavip\" target=\"_blank\">Zapisz si\u0119 do grupy vip i obserwuj moje analizy i wyniki<\/a><\/h2>\t\t\t\t<\/div>\n\t\t\t\t<\/div>\n\t\t\t\t\t<\/div>\n\t\t\t\t<\/div>\n\t\t<div class=\"elementor-element elementor-element-e594eb9 e-flex e-con-boxed e-con e-parent\" data-id=\"e594eb9\" data-element_type=\"container\">\n\t\t\t\t\t<div class=\"e-con-inner\">\n\t\t\t\t<div class=\"elementor-element elementor-element-4cf8da8 elementor-widget elementor-widget-html\" data-id=\"4cf8da8\" data-element_type=\"widget\" data-widget_type=\"html.default\">\n\t\t\t\t<div class=\"elementor-widget-container\">\n\t\t\t\t\t<getresponse-form form-id=\"4e9d4164-65f4-4a5b-b020-ce51275316be\" e=\"0\"><\/getresponse-form>\t\t\t\t<\/div>\n\t\t\t\t<\/div>\n\t\t\t\t\t<\/div>\n\t\t\t\t<\/div>\n\t\t<div class=\"elementor-element elementor-element-1563de4 e-flex e-con-boxed e-con e-parent\" data-id=\"1563de4\" data-element_type=\"container\">\n\t\t\t\t\t<div class=\"e-con-inner\">\n\t\t\t\t<div class=\"elementor-element elementor-element-3078d7f elementor-widget elementor-widget-text-editor\" data-id=\"3078d7f\" data-element_type=\"widget\" data-widget_type=\"text-editor.default\">\n\t\t\t\t<div class=\"elementor-widget-container\">\n\t\t\t\t\t\t\t\t\t<pre><br \/>Powy\u017csze tre\u015bci i analizy s\u0105 wy\u0142\u0105cznie wyrazem osobistych pogl\u0105d\u00f3w jej autora i nie stanowi\u0105 rekomendacji inwestycyjnych, informacji inwestycyjnych lub informacji sugeruj\u0105cych strategi\u0119 inwestycyjn\u0105 w rozumieniu Rozporz\u0105dzenia w sprawie nadu\u017cy\u0107 na rynku (Rozporz\u0105dzenie (UE) nr 596\/2014) oraz Rozporz\u0105dzenia delegowanego Komisji (UE) 2016\/958 z dnia 9 marca 2016 uzupe\u0142niaj\u0105cego <br \/>Rozporz\u0105dzenie w sprawie nadu\u017cy\u0107 na rynku w odniesieniu do regulacyjnych standard\u00f3w technicznych dotycz\u0105cych \u015brodk\u00f3w technicznych do cel\u00f3w obiektywnej prezentacji rekomendacji inwestycyjnych lub innych informacji rekomenduj\u0105cych lub sugeruj\u0105cych strategi\u0119 inwestycyjna oraz ujawnienia interes\u00f3w partykularnych lub wskaza\u0144 konflikt\u00f3w interes\u00f3w. <br \/>Autor materia\u0142\u00f3w nie ponosi odpowiedzialno\u015bci za jakiekolwiek skutki, w tym szkody, spowodowane dzia\u0142aniami podj\u0119tymi w oparciu o materia\u0142 i przedstawione w nim informacje lub opinie. Ka\u017cda inwestycja jest obarczona du\u017cym ryzykiem - wszelkie dzia\u0142ania inwestycyjne wi\u0105\u017c\u0105 si\u0119 z mo\u017cliwo\u015bci\u0105 utraty cz\u0119\u015bci lub ca\u0142o\u015bci posiadanego kapita\u0142u przez inwestuj\u0105cego lub poniesieniem straty przewy\u017cszaj\u0105cej warto\u015b\u0107 wp\u0142aconego kapita\u0142u.<\/pre>\t\t\t\t\t\t\t\t<\/div>\n\t\t\t\t<\/div>\n\t\t\t\t<div class=\"elementor-element elementor-element-74527b1 elementor-widget elementor-widget-text-editor\" data-id=\"74527b1\" data-element_type=\"widget\" data-widget_type=\"text-editor.default\">\n\t\t\t\t<div class=\"elementor-widget-container\">\n\t\t\t\t\t\t\t\t\t<p><a style=\"background-color: #ffffff; color: #aaaaaa;\" href=\"https:\/\/odamatoradoinwestora.pl\/?page_id=3\" target=\"_blank\" rel=\"noopener noreferrer\">polityce prywatno\u015bci<\/a><\/p>\t\t\t\t\t\t\t\t<\/div>\n\t\t\t\t<\/div>\n\t\t\t\t\t<\/div>\n\t\t\t\t<\/div>\n\t\t\t\t<\/div>\n\t\t","protected":false},"excerpt":{"rendered":"<p>Zapisz si\u0119 do grupy vip i obserwuj moje analizy i wyniki Powy\u017csze tre\u015bci i analizy s\u0105 wy\u0142\u0105cznie wyrazem osobistych pogl\u0105d\u00f3w jej autora i nie stanowi\u0105 rekomendacji inwestycyjnych, informacji inwestycyjnych lub informacji sugeruj\u0105cych strategi\u0119 inwestycyjn\u0105 w rozumieniu Rozporz\u0105dzenia w sprawie nadu\u017cy\u0107 na rynku (Rozporz\u0105dzenie (UE) nr 596\/2014) oraz Rozporz\u0105dzenia delegowanego Komisji (UE) 2016\/958 z dnia 9 [&hellip;]<\/p>\n","protected":false},"author":1,"featured_media":0,"parent":0,"menu_order":0,"comment_status":"closed","ping_status":"closed","template":"elementor_canvas","meta":{"footnotes":""},"class_list":["post-141","page","type-page","status-publish","hentry"],"_links":{"self":[{"href":"https:\/\/odamatoradoinwestora.pl\/index.php?rest_route=\/wp\/v2\/pages\/141","targetHints":{"allow":["GET"]}}],"collection":[{"href":"https:\/\/odamatoradoinwestora.pl\/index.php?rest_route=\/wp\/v2\/pages"}],"about":[{"href":"https:\/\/odamatoradoinwestora.pl\/index.php?rest_route=\/wp\/v2\/types\/page"}],"author":[{"embeddable":true,"href":"https:\/\/odamatoradoinwestora.pl\/index.php?rest_route=\/wp\/v2\/users\/1"}],"replies":[{"embeddable":true,"href":"https:\/\/odamatoradoinwestora.pl\/index.php?rest_route=%2Fwp%2Fv2%2Fcomments&post=141"}],"version-history":[{"count":12,"href":"https:\/\/odamatoradoinwestora.pl\/index.php?rest_route=\/wp\/v2\/pages\/141\/revisions"}],"predecessor-version":[{"id":154,"href":"https:\/\/odamatoradoinwestora.pl\/index.php?rest_route=\/wp\/v2\/pages\/141\/revisions\/154"}],"wp:attachment":[{"href":"https:\/\/odamatoradoinwestora.pl\/index.php?rest_route=%2Fwp%2Fv2%2Fmedia&parent=141"}],"curies":[{"name":"wp","href":"https:\/\/api.w.org\/{rel}","templated":true}]}}